{"id":25172,"date":"2024-10-31T16:50:41","date_gmt":"2024-10-31T16:50:41","guid":{"rendered":"https:\/\/newsite.tl.ie\/competenze-della-lingua-inglese\/"},"modified":"2024-11-12T10:51:35","modified_gmt":"2024-11-12T10:51:35","slug":"competenze-della-lingua-inglese","status":"publish","type":"page","link":"https:\/\/newsite.tl.ie\/it\/competenze-della-lingua-inglese\/","title":{"rendered":"Competenze della lingua Inglese"},"content":{"rendered":"\t\t<div data-elementor-type=\"wp-page\" data-elementor-id=\"25172\" class=\"elementor elementor-25172 elementor-24616\">\n\t\t\t\t<div class=\"elementor-element elementor-element-7057cda e-grid e-con-boxed e-con e-parent\" data-id=\"7057cda\" data-element_type=\"container\">\n\t\t\t\t\t<div class=\"e-con-inner\">\n\t\t\t\t<div class=\"elementor-element elementor-element-408034f elementor-shape-rounded elementor-widget__width-initial elementor-view-stacked elementor-widget elementor-widget-icon\" data-id=\"408034f\" data-element_type=\"widget\" data-widget_type=\"icon.default\">\n\t\t\t\t<div class=\"elementor-widget-container\">\n\t\t\t\t\t<div class=\"elementor-icon-wrapper\">\n\t\t\t<div class=\"elementor-icon\">\n\t\t\t<svg aria-hidden=\"true\" class=\"e-font-icon-svg e-far-thumbs-up\" viewBox=\"0 0 512 512\" xmlns=\"http:\/\/www.w3.org\/2000\/svg\"><path d=\"M466.27 286.69C475.04 271.84 480 256 480 236.85c0-44.015-37.218-85.58-85.82-85.58H357.7c4.92-12.81 8.85-28.13 8.85-46.54C366.55 31.936 328.86 0 271.28 0c-61.607 0-58.093 94.933-71.76 108.6-22.747 22.747-49.615 66.447-68.76 83.4H32c-17.673 0-32 14.327-32 32v240c0 17.673 14.327 32 32 32h64c14.893 0 27.408-10.174 30.978-23.95 44.509 1.001 75.06 39.94 177.802 39.94 7.22 0 15.22.01 22.22.01 77.117 0 111.986-39.423 112.94-95.33 13.319-18.425 20.299-43.122 17.34-66.99 9.854-18.452 13.664-40.343 8.99-62.99zm-61.75 53.83c12.56 21.13 1.26 49.41-13.94 57.57 7.7 48.78-17.608 65.9-53.12 65.9h-37.82c-71.639 0-118.029-37.82-171.64-37.82V240h10.92c28.36 0 67.98-70.89 94.54-97.46 28.36-28.36 18.91-75.63 37.82-94.54 47.27 0 47.27 32.98 47.27 56.73 0 39.17-28.36 56.72-28.36 94.54h103.99c21.11 0 37.73 18.91 37.82 37.82.09 18.9-12.82 37.81-22.27 37.81 13.489 14.555 16.371 45.236-5.21 65.62zM88 432c0 13.255-10.745 24-24 24s-24-10.745-24-24 10.745-24 24-24 24 10.745 24 24z\"><\/path><\/svg>\t\t\t<\/div>\n\t\t<\/div>\n\t\t\t\t<\/div>\n\t\t\t\t<\/div>\n\t\t\t\t<div class=\"elementor-element elementor-element-3e3a4bd elementor-widget__width-initial elementor-view-stacked elementor-shape-circle elementor-widget elementor-widget-icon\" data-id=\"3e3a4bd\" data-element_type=\"widget\" data-widget_type=\"icon.default\">\n\t\t\t\t<div class=\"elementor-widget-container\">\n\t\t\t\t\t<div class=\"elementor-icon-wrapper\">\n\t\t\t<div class=\"elementor-icon\">\n\t\t\t<i aria-hidden=\"true\" class=\"ri ri-wechat-line\"><\/i>\t\t\t<\/div>\n\t\t<\/div>\n\t\t\t\t<\/div>\n\t\t\t\t<\/div>\n\t\t\t\t<div class=\"elementor-element elementor-element-38c0684 elementor-view-stacked elementor-shape-circle elementor-widget elementor-widget-icon\" data-id=\"38c0684\" data-element_type=\"widget\" data-widget_type=\"icon.default\">\n\t\t\t\t<div class=\"elementor-widget-container\">\n\t\t\t\t\t<div class=\"elementor-icon-wrapper\">\n\t\t\t<div class=\"elementor-icon\">\n\t\t\t<i aria-hidden=\"true\" class=\"ri ri-group-fill\"><\/i>\t\t\t<\/div>\n\t\t<\/div>\n\t\t\t\t<\/div>\n\t\t\t\t<\/div>\n\t\t\t\t<div class=\"elementor-element elementor-element-1984d55 elementor-widget elementor-widget-heading\" data-id=\"1984d55\" data-element_type=\"widget\" data-widget_type=\"heading.default\">\n\t\t\t\t<div class=\"elementor-widget-container\">\n\t\t\t<h2 class=\"elementor-heading-title elementor-size-default\">Sii FIDUCIOSO!<\/h2>\t\t<\/div>\n\t\t\t\t<\/div>\n\t\t\t\t<div class=\"elementor-element elementor-element-15ab4f5 elementor-widget elementor-widget-heading\" data-id=\"15ab4f5\" data-element_type=\"widget\" data-widget_type=\"heading.default\">\n\t\t\t\t<div class=\"elementor-widget-container\">\n\t\t\t<h2 class=\"elementor-heading-title elementor-size-default\">COMPRENDI a tutti<\/h2>\t\t<\/div>\n\t\t\t\t<\/div>\n\t\t\t\t<div class=\"elementor-element elementor-element-e079977 elementor-widget elementor-widget-heading\" data-id=\"e079977\" data-element_type=\"widget\" data-widget_type=\"heading.default\">\n\t\t\t\t<div class=\"elementor-widget-container\">\n\t\t\t<h2 class=\"elementor-heading-title elementor-size-default\">Espandi le tue OPPORTUNIT\u00c1<\/h2>\t\t<\/div>\n\t\t\t\t<\/div>\n\t\t\t\t<div class=\"elementor-element elementor-element-8139177 elementor-widget elementor-widget-image\" data-id=\"8139177\" data-element_type=\"widget\" data-widget_type=\"image.default\">\n\t\t\t\t<div class=\"elementor-widget-container\">\n\t\t\t\t\t\t\t\t\t\t\t\t\t<img fetchpriority=\"high\" decoding=\"async\" width=\"300\" height=\"200\" src=\"https:\/\/newsite.tl.ie\/wp-content\/uploads\/2024\/11\/MeetInIreland-networking.png\" class=\"attachment-2048x2048 size-2048x2048 wp-image-24648\" alt=\"\" \/>\t\t\t\t\t\t\t\t\t\t\t\t\t<\/div>\n\t\t\t\t<\/div>\n\t\t\t\t<div class=\"elementor-element elementor-element-139c83d elementor-widget elementor-widget-image\" data-id=\"139c83d\" data-element_type=\"widget\" data-widget_type=\"image.default\">\n\t\t\t\t<div class=\"elementor-widget-container\">\n\t\t\t\t\t\t\t\t\t\t\t\t\t<img decoding=\"async\" width=\"300\" height=\"200\" src=\"https:\/\/newsite.tl.ie\/wp-content\/uploads\/2024\/11\/group-talking.png\" class=\"attachment-large size-large wp-image-24643\" alt=\"\" \/>\t\t\t\t\t\t\t\t\t\t\t\t\t<\/div>\n\t\t\t\t<\/div>\n\t\t\t\t<div class=\"elementor-element elementor-element-91f1efc elementor-widget elementor-widget-image\" data-id=\"91f1efc\" data-element_type=\"widget\" data-widget_type=\"image.default\">\n\t\t\t\t<div class=\"elementor-widget-container\">\n\t\t\t\t\t\t\t\t\t\t\t\t\t<img decoding=\"async\" width=\"300\" height=\"200\" src=\"https:\/\/newsite.tl.ie\/wp-content\/uploads\/2024\/11\/Business-networking-e1487700349773-scaled-1.png\" class=\"attachment-large size-large wp-image-24638\" alt=\"\" \/>\t\t\t\t\t\t\t\t\t\t\t\t\t<\/div>\n\t\t\t\t<\/div>\n\t\t\t\t<div class=\"elementor-element elementor-element-0137336 elementor-widget elementor-widget-text-editor\" data-id=\"0137336\" data-element_type=\"widget\" data-widget_type=\"text-editor.default\">\n\t\t\t\t<div class=\"elementor-widget-container\">\n\t\t\t\t\t\t\t<h6>Sei ancora insicuro del tuo inglese? L&#8217;immersione totale \u00e8 il modo perfetto per migliorare le tue abilit\u00e0 comunicative in breve tempo. <\/h6>\n\t\t\t\t\t\t<\/div>\n\t\t\t\t<\/div>\n\t\t\t\t<div class=\"elementor-element elementor-element-2ff009d elementor-widget elementor-widget-text-editor\" data-id=\"2ff009d\" data-element_type=\"widget\" data-widget_type=\"text-editor.default\">\n\t\t\t\t<div class=\"elementor-widget-container\">\n\t\t\t\t\t\t\t<h6>L&#8217;apprendimento efficace avviene in un contesto sociale significativo e l&#8217;immersione totale ti aiuta a migliorare rapidamente le tue capacit\u00e0 comunicative.<\/h6>\n\t\t\t\t\t\t<\/div>\n\t\t\t\t<\/div>\n\t\t\t\t<div class=\"elementor-element elementor-element-fd02257 elementor-widget elementor-widget-text-editor\" data-id=\"fd02257\" data-element_type=\"widget\" data-widget_type=\"text-editor.default\">\n\t\t\t\t<div class=\"elementor-widget-container\">\n\t\t\t\t\t\t\t<div class=\"content-block row wpb_row vc_row-fluid\">\n<div class=\"container\">\n<div class=\"wpb_column vc_column_container vc_col-sm-4\">\n<div class=\"vc_column-inner \">\n<div class=\"wpb_wrapper\">\n<section class=\"vc_cta3-container\">\n<div class=\"vc_general vc_cta3 vc_cta3-style-classic vc_cta3-shape-rounded vc_cta3-align-center vc_cta3-color-classic vc_cta3-icon-size-lg vc_cta3-icons-top vc_cta3-actions-bottom\">\n<div class=\"vc_cta3_content-container\">\n<div class=\"vc_cta3-content\">\n<h6>Sai che parlare inglese ti aprir\u00e0 molte porte? L&#8217;immersione totale \u00e8 il modo pi\u00f9 veloce per imparare l&#8217;inglese e realizzare il tuo potenziale. <\/h6>\n<\/div>\n<div class=\"vc_cta3-actions\">\n<div class=\"vc_btn3-container vc_btn3-center\"> <\/div>\n<\/div>\n<\/div>\n<\/div>\n<\/section>\n<\/div>\n<\/div>\n<\/div>\n<\/div>\n<\/div>\n<div class=\"special-block row wpb_row vc_row-fluid\">\n<div class=\"container\">\n<div class=\"wpb_column vc_column_container vc_col-sm-12\">\n<div class=\"vc_column-inner \">\n<div class=\"wpb_wrapper\"> <\/div>\n<\/div>\n<\/div>\n<\/div>\n<\/div>\n\t\t\t\t\t\t<\/div>\n\t\t\t\t<\/div>\n\t\t\t\t\t<\/div>\n\t\t\t\t<\/div>\n\t\t<div class=\"elementor-element elementor-element-554da56 e-flex e-con-boxed e-con e-parent\" data-id=\"554da56\" data-element_type=\"container\">\n\t\t\t\t\t<div class=\"e-con-inner\">\n\t\t\t\t<div class=\"elementor-element elementor-element-ea1cfd8 elementor-widget__width-initial elementor-widget elementor-widget-edublink-heading\" data-id=\"ea1cfd8\" data-element_type=\"widget\" data-widget_type=\"edublink-heading.default\">\n\t\t\t\t<div class=\"elementor-widget-container\">\n\t\t\t<div class=\"edublink-section-heading\"><h3 class=\"heading\">La \"Total immersion\" \u00e8 il miglior modo per imparare <span class=\"edublink-color-primary\">l'Inglese!<\/span> <\/h3><div class=\"title-shape\"><i class=\"icon-19\"><\/i><\/div><\/div>\t\t<\/div>\n\t\t\t\t<\/div>\n\t\t\t\t<div class=\"elementor-element elementor-element-80dda4b elementor-widget-divider--view-line elementor-widget elementor-widget-divider\" data-id=\"80dda4b\" data-element_type=\"widget\" data-widget_type=\"divider.default\">\n\t\t\t\t<div class=\"elementor-widget-container\">\n\t\t\t\t\t<div class=\"elementor-divider\">\n\t\t\t<span class=\"elementor-divider-separator\">\n\t\t\t\t\t\t<\/span>\n\t\t<\/div>\n\t\t\t\t<\/div>\n\t\t\t\t<\/div>\n\t\t\t\t\t<\/div>\n\t\t\t\t<\/div>\n\t\t<div class=\"elementor-element elementor-element-c057945 e-grid e-con-boxed e-con e-parent\" data-id=\"c057945\" data-element_type=\"container\">\n\t\t\t\t\t<div class=\"e-con-inner\">\n\t\t\t\t<div class=\"elementor-element elementor-element-d67bbf6 elementor-widget elementor-widget-heading\" data-id=\"d67bbf6\" data-element_type=\"widget\" data-widget_type=\"heading.default\">\n\t\t\t\t<div class=\"elementor-widget-container\">\n\t\t\t<h2 class=\"elementor-heading-title elementor-size-default\">OGNI VOLTA, DAPPERTUTTO...<\/h2>\t\t<\/div>\n\t\t\t\t<\/div>\n\t\t\t\t<div class=\"elementor-element elementor-element-354e989 elementor-widget elementor-widget-edublink-button\" data-id=\"354e989\" data-element_type=\"widget\" data-widget_type=\"edublink-button.default\">\n\t\t\t\t<div class=\"elementor-widget-container\">\n\t\t\t<div class=\"edublink-button-widget-wrapper\"><a class=\"edublink-button-item edublink-button-style-default edublink-button-size-large edublink-button-icon-position-after default-style\" href=\"https:\/\/newsite.tl.ie\/?page_id=24653\">Scopri come<i class=\"icon-4\"><\/i><\/a><\/div>\t\t<\/div>\n\t\t\t\t<\/div>\n\t\t\t\t\t<\/div>\n\t\t\t\t<\/div>\n\t\t<div class=\"elementor-element elementor-element-35739ca e-grid e-con-boxed e-con e-parent\" data-id=\"35739ca\" data-element_type=\"container\">\n\t\t\t\t\t<div class=\"e-con-inner\">\n\t\t\t\t\t<\/div>\n\t\t\t\t<\/div>\n\t\t\t\t<\/div>\n\t\t","protected":false},"excerpt":{"rendered":"<p>Sii FIDUCIOSO! COMPRENDI a tutti Espandi le tue OPPORTUNIT\u00c1 Sei ancora insicuro del tuo inglese? L&#8217;immersione totale \u00e8 il modo perfetto per migliorare le tue abilit\u00e0 comunicative in breve tempo. L&#8217;apprendimento efficace avviene in un contesto sociale significativo e l&#8217;immersione totale ti aiuta a migliorare rapidamente le tue capacit\u00e0 comunicative. Sai che parlare inglese ti&#8230;<\/p>\n","protected":false},"author":1,"featured_media":0,"parent":0,"menu_order":0,"comment_status":"closed","ping_status":"closed","template":"","meta":{"_monsterinsights_skip_tracking":false,"_monsterinsights_sitenote_active":false,"_monsterinsights_sitenote_note":"","_monsterinsights_sitenote_category":0,"footnotes":""},"class_list":["post-25172","page","type-page","status-publish","hentry"],"aioseo_notices":[],"jetpack_sharing_enabled":true,"_links":{"self":[{"href":"https:\/\/newsite.tl.ie\/it\/wp-json\/wp\/v2\/pages\/25172","targetHints":{"allow":["GET"]}}],"collection":[{"href":"https:\/\/newsite.tl.ie\/it\/wp-json\/wp\/v2\/pages"}],"about":[{"href":"https:\/\/newsite.tl.ie\/it\/wp-json\/wp\/v2\/types\/page"}],"author":[{"embeddable":true,"href":"https:\/\/newsite.tl.ie\/it\/wp-json\/wp\/v2\/users\/1"}],"replies":[{"embeddable":true,"href":"https:\/\/newsite.tl.ie\/it\/wp-json\/wp\/v2\/comments?post=25172"}],"version-history":[{"count":4,"href":"https:\/\/newsite.tl.ie\/it\/wp-json\/wp\/v2\/pages\/25172\/revisions"}],"predecessor-version":[{"id":25176,"href":"https:\/\/newsite.tl.ie\/it\/wp-json\/wp\/v2\/pages\/25172\/revisions\/25176"}],"wp:attachment":[{"href":"https:\/\/newsite.tl.ie\/it\/wp-json\/wp\/v2\/media?parent=25172"}],"curies":[{"name":"wp","href":"https:\/\/api.w.org\/{rel}","templated":true}]}}